{"id":9,"date":"2024-05-07T09:36:02","date_gmt":"2024-05-07T07:36:02","guid":{"rendered":"https:\/\/mybox.micronthings.com\/?page_id=9"},"modified":"2024-05-07T10:37:52","modified_gmt":"2024-05-07T08:37:52","slug":"kezdolap","status":"publish","type":"page","link":"https:\/\/mybox.micronthings.com\/","title":{"rendered":"Kezd\u0151lap"},"content":{"rendered":"\n<div class=\"wp-block-group alignfull has-global-padding is-layout-constrained wp-block-group-is-layout-constrained\" style=\"padding-top:var(--wp--preset--spacing--50);padding-right:var(--wp--preset--spacing--50);padding-bottom:var(--wp--preset--spacing--50);padding-left:var(--wp--preset--spacing--50)\">\n<div class=\"wp-block-group has-global-padding is-layout-constrained wp-container-core-group-is-layout-1 wp-block-group-is-layout-constrained\">\n<h1 class=\"wp-block-heading has-text-align-center has-system-sans-serif-font-family has-xx-large-font-size\">Otthoni csomag\u00e1tad\u00f3 megold\u00e1sok<\/h1>\n\n\n\n<div style=\"height:1.25rem\" aria-hidden=\"true\" class=\"wp-block-spacer\"><\/div>\n\n\n\n<p class=\"has-text-align-center has-system-sans-serif-font-family\">Wi-Fi kapcsolattal rendelkez\u0151 priv\u00e1t csomag\u00e1tad\u00f3 saj\u00e1t mobil applik\u00e1ci\u00f3val<\/p>\n<\/div>\n<\/div>\n\n\n\n<div class=\"wp-block-group alignfull is-content-justification-center is-nowrap is-layout-flex wp-container-core-group-is-layout-4 wp-block-group-is-layout-flex\" style=\"padding-top:var(--wp--preset--spacing--50);padding-right:var(--wp--preset--spacing--50);padding-bottom:var(--wp--preset--spacing--50);padding-left:var(--wp--preset--spacing--50)\">\n<div class=\"wp-block-group has-global-padding is-layout-constrained wp-container-core-group-is-layout-3 wp-block-group-is-layout-constrained\">\n<div style=\"height:1.25rem\" aria-hidden=\"true\" class=\"wp-block-spacer\"><\/div>\n\n\n\n<div style=\"height:1.25rem\" aria-hidden=\"true\" class=\"wp-block-spacer\"><\/div>\n\n\n\n<div class=\"wp-block-buttons is-content-justification-center is-layout-flex wp-container-core-buttons-is-layout-1 wp-block-buttons-is-layout-flex\"><\/div>\n<\/div>\n\n\n\n<figure class=\"wp-block-gallery alignwide has-nested-images columns-default is-cropped wp-block-gallery-1 is-layout-flex wp-block-gallery-is-layout-flex\">\n<figure class=\"wp-block-image size-full is-style-rounded\"><img loading=\"lazy\" decoding=\"async\" width=\"800\" height=\"600\" src=\"https:\/\/mybox.micronthings.com\/wp-content\/uploads\/2024\/05\/132157.jpg\" alt=\"\" class=\"wp-image-10\" srcset=\"https:\/\/mybox.micronthings.com\/wp-content\/uploads\/2024\/05\/132157.jpg 800w, https:\/\/mybox.micronthings.com\/wp-content\/uploads\/2024\/05\/132157-300x225.jpg 300w, https:\/\/mybox.micronthings.com\/wp-content\/uploads\/2024\/05\/132157-768x576.jpg 768w\" sizes=\"(max-width: 800px) 100vw, 800px\" \/><\/figure>\n<\/figure>\n\n\n\n<figure class=\"wp-block-image alignwide size-full is-style-rounded\"><img loading=\"lazy\" decoding=\"async\" width=\"800\" height=\"600\" src=\"https:\/\/mybox.micronthings.com\/wp-content\/uploads\/2024\/05\/012132.jpg\" alt=\"\" class=\"wp-image-11\" srcset=\"https:\/\/mybox.micronthings.com\/wp-content\/uploads\/2024\/05\/012132.jpg 800w, https:\/\/mybox.micronthings.com\/wp-content\/uploads\/2024\/05\/012132-300x225.jpg 300w, https:\/\/mybox.micronthings.com\/wp-content\/uploads\/2024\/05\/012132-768x576.jpg 768w\" sizes=\"(max-width: 800px) 100vw, 800px\" \/><\/figure>\n<\/div>\n\n\n\n<div class=\"wp-block-group alignfull has-global-padding is-layout-constrained wp-block-group-is-layout-constrained\" style=\"margin-top:0;margin-bottom:0;padding-top:var(--wp--preset--spacing--50);padding-right:var(--wp--preset--spacing--50);padding-bottom:var(--wp--preset--spacing--50);padding-left:var(--wp--preset--spacing--50)\">\n<div class=\"wp-block-group alignwide has-global-padding is-layout-constrained wp-container-core-group-is-layout-6 wp-block-group-is-layout-constrained\">\n<div class=\"wp-block-group is-vertical is-content-justification-center is-layout-flex wp-container-core-group-is-layout-5 wp-block-group-is-layout-flex\">\n<h2 class=\"wp-block-heading has-text-align-center is-style-default has-system-sans-serif-font-family\">Intuit\u00edv mobil applik\u00e1ci\u00f3<\/h2>\n\n\n\n<p class=\"has-text-align-center has-system-sans-serif-font-family\">Kezelj egyszerre t\u00f6bb csomag\u00e1tad\u00f3t, nyisd ki \u0151ket b\u00e1rmikor t\u00e1volr\u00f3l, vagy gener\u00e1lj \u00e1tvev\u0151k\u00f3dot, amit egy koppint\u00e1ssal megoszthatsz b\u00e1rkivel.<\/p>\n<\/div>\n\n\n\n<div style=\"height:var(--wp--preset--spacing--40)\" aria-hidden=\"true\" class=\"wp-block-spacer\"><\/div>\n\n\n\n<div class=\"wp-block-columns alignwide is-layout-flex wp-container-core-columns-is-layout-1 wp-block-columns-is-layout-flex\">\n<div class=\"wp-block-column is-vertically-aligned-center is-layout-flow wp-block-column-is-layout-flow\" style=\"flex-basis:40%\">\n<figure class=\"wp-block-image size-full\"><img loading=\"lazy\" decoding=\"async\" width=\"200\" height=\"77\" src=\"https:\/\/mybox.micronthings.com\/wp-content\/uploads\/2024\/05\/google-play-badge2-200x77-1.png\" alt=\"\" class=\"wp-image-17\"\/><\/figure>\n\n\n\n<figure class=\"wp-block-image size-full\"><img loading=\"lazy\" decoding=\"async\" width=\"200\" height=\"53\" src=\"https:\/\/mybox.micronthings.com\/wp-content\/uploads\/2024\/05\/Download_on_the_App_Store_Badge_HU_RGB_blk_120823-200x53-1.png\" alt=\"\" class=\"wp-image-18\"\/><\/figure>\n<\/div>\n\n\n\n<div class=\"wp-block-column is-layout-flow wp-block-column-is-layout-flow\" style=\"flex-basis:50%\">\n<figure class=\"wp-block-image size-full is-style-rounded\"><img loading=\"lazy\" decoding=\"async\" width=\"600\" height=\"606\" src=\"https:\/\/mybox.micronthings.com\/wp-content\/uploads\/2024\/05\/app-600x606-1.png\" alt=\"applik\u00e1ci\u00f3\" class=\"wp-image-15\" srcset=\"https:\/\/mybox.micronthings.com\/wp-content\/uploads\/2024\/05\/app-600x606-1.png 600w, https:\/\/mybox.micronthings.com\/wp-content\/uploads\/2024\/05\/app-600x606-1-297x300.png 297w\" sizes=\"(max-width: 600px) 100vw, 600px\" \/><\/figure>\n<\/div>\n<\/div>\n<\/div>\n<\/div>\n\n\n\n<div class=\"wp-block-group alignfull has-global-padding is-layout-constrained wp-block-group-is-layout-constrained\" style=\"margin-top:0;margin-bottom:0;padding-top:var(--wp--preset--spacing--50);padding-right:var(--wp--preset--spacing--50);padding-bottom:var(--wp--preset--spacing--50);padding-left:var(--wp--preset--spacing--50)\">\n<div class=\"wp-block-group alignwide has-base-2-background-color has-background has-global-padding is-layout-constrained wp-block-group-is-layout-constrained\" style=\"border-radius:16px;padding-top:var(--wp--preset--spacing--40);padding-right:var(--wp--preset--spacing--50);padding-bottom:var(--wp--preset--spacing--40);padding-left:var(--wp--preset--spacing--50)\">\n<div style=\"height:var(--wp--preset--spacing--10)\" aria-hidden=\"true\" class=\"wp-block-spacer\"><\/div>\n\n\n\n<h2 class=\"wp-block-heading has-text-align-center has-x-large-font-size\">Viszontelad\u00f3kat keres\u00fcnk!<\/h2>\n\n\n\n<p class=\"has-text-align-center\">\u00dagy gondolja profilj\u00e1ba v\u00e1g a csomag\u00e1tad\u00f3 megold\u00e1sunk? Vegye fel vel\u00fcnk a kapcsolatot \u00e9s besz\u00e9lj\u00fcnk!<\/p>\n\n\n\n<div class=\"wp-block-buttons is-content-justification-center is-layout-flex wp-container-core-buttons-is-layout-2 wp-block-buttons-is-layout-flex\">\n<div class=\"wp-block-button\"><a class=\"wp-block-button__link wp-element-button\">Sign up<\/a><\/div>\n<\/div>\n\n\n\n<div style=\"height:var(--wp--preset--spacing--10)\" aria-hidden=\"true\" class=\"wp-block-spacer\"><\/div>\n<\/div>\n<\/div>\n","protected":false},"excerpt":{"rendered":"<p>Otthoni csomag\u00e1tad\u00f3 megold\u00e1sok Wi-Fi kapcsolattal rendelkez\u0151 priv\u00e1t csomag\u00e1tad\u00f3 saj\u00e1t mobil applik\u00e1ci\u00f3val Intuit\u00edv mobil applik\u00e1ci\u00f3 Kezelj egyszerre t\u00f6bb csomag\u00e1tad\u00f3t, nyisd ki \u0151ket b\u00e1rmikor t\u00e1volr\u00f3l, vagy gener\u00e1lj \u00e1tvev\u0151k\u00f3dot, amit egy koppint\u00e1ssal megoszthatsz b\u00e1rkivel. Viszontelad\u00f3kat keres\u00fcnk! \u00dagy gondolja profilj\u00e1ba v\u00e1g a csomag\u00e1tad\u00f3 megold\u00e1sunk? Vegye fel vel\u00fcnk a kapcsolatot \u00e9s besz\u00e9lj\u00fcnk!<\/p>\n","protected":false},"author":1,"featured_media":0,"parent":0,"menu_order":0,"comment_status":"closed","ping_status":"closed","template":"","meta":{"footnotes":""},"_links":{"self":[{"href":"https:\/\/mybox.micronthings.com\/index.php\/wp-json\/wp\/v2\/pages\/9"}],"collection":[{"href":"https:\/\/mybox.micronthings.com\/index.php\/wp-json\/wp\/v2\/pages"}],"about":[{"href":"https:\/\/mybox.micronthings.com\/index.php\/wp-json\/wp\/v2\/types\/page"}],"author":[{"embeddable":true,"href":"https:\/\/mybox.micronthings.com\/index.php\/wp-json\/wp\/v2\/users\/1"}],"replies":[{"embeddable":true,"href":"https:\/\/mybox.micronthings.com\/index.php\/wp-json\/wp\/v2\/comments?post=9"}],"version-history":[{"count":9,"href":"https:\/\/mybox.micronthings.com\/index.php\/wp-json\/wp\/v2\/pages\/9\/revisions"}],"predecessor-version":[{"id":27,"href":"https:\/\/mybox.micronthings.com\/index.php\/wp-json\/wp\/v2\/pages\/9\/revisions\/27"}],"wp:attachment":[{"href":"https:\/\/mybox.micronthings.com\/index.php\/wp-json\/wp\/v2\/media?parent=9"}],"curies":[{"name":"wp","href":"https:\/\/api.w.org\/{rel}","templated":true}]}}